{"id":8269,"date":"2025-06-17T18:30:19","date_gmt":"2025-06-17T18:30:19","guid":{"rendered":"https:\/\/nagataegasparini.com.br\/lp\/?page_id=8269"},"modified":"2026-03-09T19:27:10","modified_gmt":"2026-03-09T19:27:10","slug":"portfolio-indicadores","status":"publish","type":"page","link":"https:\/\/nagataegasparini.com.br\/lp\/portfolio-indicadores\/","title":{"rendered":"Portf\u00f3lio &#8211; Indicadores"},"content":{"rendered":"\t\t<div data-elementor-type=\"wp-page\" data-elementor-id=\"8269\" class=\"elementor elementor-8269\">\n\t\t\t\t<div class=\"elementor-element elementor-element-806e1bb e-grid e-con-boxed e-con e-parent\" data-id=\"806e1bb\" data-element_type=\"container\">\n\t\t\t\t\t<div class=\"e-con-inner\">\n\t\t\t\t<div class=\"elementor-element elementor-element-c21a2e6 elementor-align-center elementor-widget elementor-widget-button\" data-id=\"c21a2e6\" data-element_type=\"widget\" data-widget_type=\"button.default\">\n\t\t\t\t<div class=\"elementor-widget-container\">\n\t\t\t\t\t\t\t\t\t<div class=\"elementor-button-wrapper\">\n\t\t\t\t\t<a class=\"elementor-button elementor-button-link elementor-size-sm\" href=\"https:\/\/nagataegasparini.com.br\/lp\/portfolio-recepcao\/\">\n\t\t\t\t\t\t<span class=\"elementor-button-content-wrapper\">\n\t\t\t\t\t\t\t\t\t<span class=\"elementor-button-text\">Recep\u00e7\u00e3o<\/span>\n\t\t\t\t\t<\/span>\n\t\t\t\t\t<\/a>\n\t\t\t\t<\/div>\n\t\t\t\t\t\t\t\t<\/div>\n\t\t\t\t<\/div>\n\t\t\t\t<div class=\"elementor-element elementor-element-b6fb4e1 elementor-align-center elementor-widget elementor-widget-button\" data-id=\"b6fb4e1\" data-element_type=\"widget\" data-widget_type=\"button.default\">\n\t\t\t\t<div class=\"elementor-widget-container\">\n\t\t\t\t\t\t\t\t\t<div class=\"elementor-button-wrapper\">\n\t\t\t\t\t<a class=\"elementor-button elementor-button-link elementor-size-sm\" href=\"https:\/\/nagataegasparini.com.br\/lp\/portfolio-enfermagem\/\">\n\t\t\t\t\t\t<span class=\"elementor-button-content-wrapper\">\n\t\t\t\t\t\t\t\t\t<span class=\"elementor-button-text\">Enfermagem<\/span>\n\t\t\t\t\t<\/span>\n\t\t\t\t\t<\/a>\n\t\t\t\t<\/div>\n\t\t\t\t\t\t\t\t<\/div>\n\t\t\t\t<\/div>\n\t\t\t\t<div class=\"elementor-element elementor-element-b9a2779 elementor-align-center elementor-widget elementor-widget-button\" data-id=\"b9a2779\" data-element_type=\"widget\" data-widget_type=\"button.default\">\n\t\t\t\t<div class=\"elementor-widget-container\">\n\t\t\t\t\t\t\t\t\t<div class=\"elementor-button-wrapper\">\n\t\t\t\t\t<a class=\"elementor-button elementor-size-sm\" role=\"button\">\n\t\t\t\t\t\t<span class=\"elementor-button-content-wrapper\">\n\t\t\t\t\t\t\t\t\t<span class=\"elementor-button-text\">Indicadores<\/span>\n\t\t\t\t\t<\/span>\n\t\t\t\t\t<\/a>\n\t\t\t\t<\/div>\n\t\t\t\t\t\t\t\t<\/div>\n\t\t\t\t<\/div>\n\t\t\t\t\t<\/div>\n\t\t\t\t<\/div>\n\t\t<div class=\"elementor-element elementor-element-b556cee pagina-recepcao e-flex e-con-boxed e-con e-parent\" data-id=\"b556cee\" data-element_type=\"container\">\n\t\t\t\t\t<div class=\"e-con-inner\">\n\t\t\t\t<div class=\"elementor-element elementor-element-2570707 elementor-widget elementor-widget-spacer\" data-id=\"2570707\" data-element_type=\"widget\" data-widget_type=\"spacer.default\">\n\t\t\t\t<div class=\"elementor-widget-container\">\n\t\t\t\t\t\t\t<div class=\"elementor-spacer\">\n\t\t\t<div class=\"elementor-spacer-inner\"><\/div>\n\t\t<\/div>\n\t\t\t\t\t\t<\/div>\n\t\t\t\t<\/div>\n\t\t\t\t<div class=\"elementor-element elementor-element-4c0f20b elementor-widget elementor-widget-heading\" data-id=\"4c0f20b\" data-element_type=\"widget\" data-widget_type=\"heading.default\">\n\t\t\t\t<div class=\"elementor-widget-container\">\n\t\t\t\t\t<h2 class=\"elementor-heading-title elementor-size-default\">Bi Sob Demanda<\/h2>\t\t\t\t<\/div>\n\t\t\t\t<\/div>\n\t\t\t\t<div class=\"elementor-element elementor-element-2e48f88 elementor-widget elementor-widget-spacer\" data-id=\"2e48f88\" data-element_type=\"widget\" data-widget_type=\"spacer.default\">\n\t\t\t\t<div class=\"elementor-widget-container\">\n\t\t\t\t\t\t\t<div class=\"elementor-spacer\">\n\t\t\t<div class=\"elementor-spacer-inner\"><\/div>\n\t\t<\/div>\n\t\t\t\t\t\t<\/div>\n\t\t\t\t<\/div>\n\t\t\t\t\t<\/div>\n\t\t\t\t<\/div>\n\t\t<div class=\"elementor-element elementor-element-c150925 e-grid pagina-recepcao e-con-boxed e-con e-parent\" data-id=\"c150925\" data-element_type=\"container\">\n\t\t\t\t\t<div class=\"e-con-inner\">\n\t\t\t\t<div class=\"elementor-element elementor-element-615a66c elementor-widget elementor-widget-image\" data-id=\"615a66c\" data-element_type=\"widget\" data-widget_type=\"image.default\">\n\t\t\t\t<div class=\"elementor-widget-container\">\n\t\t\t\t\t\t\t\t\t\t\t\t\t\t\t<img fetchpriority=\"high\" decoding=\"async\" width=\"1920\" height=\"1080\" src=\"https:\/\/nagataegasparini.com.br\/lp\/wp-content\/uploads\/2025\/07\/Design-sem-nome-3-1.png\" class=\"attachment-full size-full wp-image-8696\" alt=\"\" srcset=\"https:\/\/nagataegasparini.com.br\/lp\/wp-content\/uploads\/2025\/07\/Design-sem-nome-3-1.png 1920w, https:\/\/nagataegasparini.com.br\/lp\/wp-content\/uploads\/2025\/07\/Design-sem-nome-3-1-300x169.png 300w, https:\/\/nagataegasparini.com.br\/lp\/wp-content\/uploads\/2025\/07\/Design-sem-nome-3-1-1024x576.png 1024w, https:\/\/nagataegasparini.com.br\/lp\/wp-content\/uploads\/2025\/07\/Design-sem-nome-3-1-768x432.png 768w, https:\/\/nagataegasparini.com.br\/lp\/wp-content\/uploads\/2025\/07\/Design-sem-nome-3-1-1536x864.png 1536w, https:\/\/nagataegasparini.com.br\/lp\/wp-content\/uploads\/2025\/07\/Design-sem-nome-3-1-800x450.png 800w\" sizes=\"(max-width: 1920px) 100vw, 1920px\" \/>\t\t\t\t\t\t\t\t\t\t\t\t\t\t\t<\/div>\n\t\t\t\t<\/div>\n\t\t\t\t<div class=\"elementor-element elementor-element-bbf32b6 elementor-widget elementor-widget-text-editor\" data-id=\"bbf32b6\" data-element_type=\"widget\" data-widget_type=\"text-editor.default\">\n\t\t\t\t<div class=\"elementor-widget-container\">\n\t\t\t\t\t\t\t\t\t<p>O BI permite que sua equipe visualize dados estrat\u00e9gicos de forma personalizada e sempre atualizada, com dashboards criados conforme as necessidades do seu time.<\/p><p>Seja para acompanhar indicadores assistenciais, operacionais ou administrativos, voc\u00ea tem acesso r\u00e1pido \u00e0s informa\u00e7\u00f5es que realmente importam , sem depender de planilhas manuais ou relat\u00f3rios gen\u00e9ricos. <strong>Tome decis\u00f5es com base em dados reais, quando e como precisar.<\/strong><\/p>\t\t\t\t\t\t\t\t<\/div>\n\t\t\t\t<\/div>\n\t\t\t\t\t<\/div>\n\t\t\t\t<\/div>\n\t\t<div class=\"elementor-element elementor-element-90c1d97 e-flex e-con-boxed e-con e-parent\" data-id=\"90c1d97\" data-element_type=\"container\">\n\t\t\t\t\t<div class=\"e-con-inner\">\n\t\t<div class=\"elementor-element elementor-element-0d10b39 e-con-full e-flex e-con e-child\" data-id=\"0d10b39\" data-element_type=\"container\">\n\t\t\t\t<div class=\"elementor-element elementor-element-ff4151d elementor-align-center elementor-mobile-align-center elementor-widget elementor-widget-button\" data-id=\"ff4151d\" data-element_type=\"widget\" data-widget_type=\"button.default\">\n\t\t\t\t<div class=\"elementor-widget-container\">\n\t\t\t\t\t\t\t\t\t<div class=\"elementor-button-wrapper\">\n\t\t\t\t\t<a class=\"elementor-button elementor-button-link elementor-size-sm\" href=\"https:\/\/api.whatsapp.com\/send?phone=5513997761501\" target=\"_blank\">\n\t\t\t\t\t\t<span class=\"elementor-button-content-wrapper\">\n\t\t\t\t\t\t\t\t\t<span class=\"elementor-button-text\">Fale Conosco<\/span>\n\t\t\t\t\t<\/span>\n\t\t\t\t\t<\/a>\n\t\t\t\t<\/div>\n\t\t\t\t\t\t\t\t<\/div>\n\t\t\t\t<\/div>\n\t\t\t\t<\/div>\n\t\t\t\t\t<\/div>\n\t\t\t\t<\/div>\n\t\t<div class=\"elementor-element elementor-element-a58f6a7 pagina-recepcao e-flex e-con-boxed e-con e-parent\" data-id=\"a58f6a7\" data-element_type=\"container\">\n\t\t\t\t\t<div class=\"e-con-inner\">\n\t\t\t\t<div class=\"elementor-element elementor-element-f86ec3f elementor-widget elementor-widget-spacer\" data-id=\"f86ec3f\" data-element_type=\"widget\" data-widget_type=\"spacer.default\">\n\t\t\t\t<div class=\"elementor-widget-container\">\n\t\t\t\t\t\t\t<div class=\"elementor-spacer\">\n\t\t\t<div class=\"elementor-spacer-inner\"><\/div>\n\t\t<\/div>\n\t\t\t\t\t\t<\/div>\n\t\t\t\t<\/div>\n\t\t\t\t<div class=\"elementor-element elementor-element-badd19c elementor-widget elementor-widget-heading\" data-id=\"badd19c\" data-element_type=\"widget\" data-widget_type=\"heading.default\">\n\t\t\t\t<div class=\"elementor-widget-container\">\n\t\t\t\t\t<h2 class=\"elementor-heading-title elementor-size-default\">Automa\u00e7\u00e3o Sob Demanda<\/h2>\t\t\t\t<\/div>\n\t\t\t\t<\/div>\n\t\t\t\t<div class=\"elementor-element elementor-element-949021a elementor-widget elementor-widget-spacer\" data-id=\"949021a\" data-element_type=\"widget\" data-widget_type=\"spacer.default\">\n\t\t\t\t<div class=\"elementor-widget-container\">\n\t\t\t\t\t\t\t<div class=\"elementor-spacer\">\n\t\t\t<div class=\"elementor-spacer-inner\"><\/div>\n\t\t<\/div>\n\t\t\t\t\t\t<\/div>\n\t\t\t\t<\/div>\n\t\t\t\t\t<\/div>\n\t\t\t\t<\/div>\n\t\t<div class=\"elementor-element elementor-element-9908130 e-grid pagina-recepcao e-con-boxed e-con e-parent\" data-id=\"9908130\" data-element_type=\"container\">\n\t\t\t\t\t<div class=\"e-con-inner\">\n\t\t\t\t<div class=\"elementor-element elementor-element-8f53925 elementor-widget elementor-widget-text-editor\" data-id=\"8f53925\" data-element_type=\"widget\" data-widget_type=\"text-editor.default\">\n\t\t\t\t<div class=\"elementor-widget-container\">\n\t\t\t\t\t\t\t\t\t<p>Com automa\u00e7\u00e3o, tarefas repetitivas e processos manuais podem ser transformados em fluxos autom\u00e1ticos, desenvolvidos sob medida para a realidade da sua cl\u00ednica. <br \/><br \/>Desde o envio de mensagens at\u00e9 integra\u00e7\u00f5es entre sistemas, voc\u00ea ganha efici\u00eancia, reduz erros operacionais e libera sua equipe para focar no que realmente importa: o cuidado com o paciente. <strong>Menos esfor\u00e7o manual, mais resultado com intelig\u00eancia.<\/strong><\/p>\t\t\t\t\t\t\t\t<\/div>\n\t\t\t\t<\/div>\n\t\t\t\t<div class=\"elementor-element elementor-element-398560e elementor-widget elementor-widget-image\" data-id=\"398560e\" data-element_type=\"widget\" data-widget_type=\"image.default\">\n\t\t\t\t<div class=\"elementor-widget-container\">\n\t\t\t\t\t\t\t\t\t\t\t\t\t\t\t<img fetchpriority=\"high\" decoding=\"async\" width=\"1920\" height=\"1080\" src=\"https:\/\/nagataegasparini.com.br\/lp\/wp-content\/uploads\/2025\/07\/Design-sem-nome-3-1.png\" class=\"attachment-full size-full wp-image-8696\" alt=\"\" srcset=\"https:\/\/nagataegasparini.com.br\/lp\/wp-content\/uploads\/2025\/07\/Design-sem-nome-3-1.png 1920w, https:\/\/nagataegasparini.com.br\/lp\/wp-content\/uploads\/2025\/07\/Design-sem-nome-3-1-300x169.png 300w, https:\/\/nagataegasparini.com.br\/lp\/wp-content\/uploads\/2025\/07\/Design-sem-nome-3-1-1024x576.png 1024w, https:\/\/nagataegasparini.com.br\/lp\/wp-content\/uploads\/2025\/07\/Design-sem-nome-3-1-768x432.png 768w, https:\/\/nagataegasparini.com.br\/lp\/wp-content\/uploads\/2025\/07\/Design-sem-nome-3-1-1536x864.png 1536w, https:\/\/nagataegasparini.com.br\/lp\/wp-content\/uploads\/2025\/07\/Design-sem-nome-3-1-800x450.png 800w\" sizes=\"(max-width: 1920px) 100vw, 1920px\" \/>\t\t\t\t\t\t\t\t\t\t\t\t\t\t\t<\/div>\n\t\t\t\t<\/div>\n\t\t\t\t\t<\/div>\n\t\t\t\t<\/div>\n\t\t<div class=\"elementor-element elementor-element-c577e1b e-flex e-con-boxed e-con e-parent\" data-id=\"c577e1b\" data-element_type=\"container\">\n\t\t\t\t\t<div class=\"e-con-inner\">\n\t\t<div class=\"elementor-element elementor-element-e8c2e9f e-con-full e-flex e-con e-child\" data-id=\"e8c2e9f\" data-element_type=\"container\">\n\t\t\t\t<div class=\"elementor-element elementor-element-30b36a3 elementor-align-center elementor-mobile-align-center elementor-widget elementor-widget-button\" data-id=\"30b36a3\" data-element_type=\"widget\" data-widget_type=\"button.default\">\n\t\t\t\t<div class=\"elementor-widget-container\">\n\t\t\t\t\t\t\t\t\t<div class=\"elementor-button-wrapper\">\n\t\t\t\t\t<a class=\"elementor-button elementor-button-link elementor-size-sm\" href=\"https:\/\/api.whatsapp.com\/send?phone=5513997761501\" target=\"_blank\">\n\t\t\t\t\t\t<span class=\"elementor-button-content-wrapper\">\n\t\t\t\t\t\t\t\t\t<span class=\"elementor-button-text\">Fale Conosco<\/span>\n\t\t\t\t\t<\/span>\n\t\t\t\t\t<\/a>\n\t\t\t\t<\/div>\n\t\t\t\t\t\t\t\t<\/div>\n\t\t\t\t<\/div>\n\t\t\t\t<\/div>\n\t\t\t\t\t<\/div>\n\t\t\t\t<\/div>\n\t\t<div class=\"elementor-element elementor-element-77bc673 recepcao e-flex e-con-boxed e-con e-parent\" data-id=\"77bc673\" data-element_type=\"container\">\n\t\t\t\t\t<div class=\"e-con-inner\">\n\t\t\t\t<div class=\"elementor-element elementor-element-07c6352 elementor-widget elementor-widget-spacer\" data-id=\"07c6352\" data-element_type=\"widget\" data-widget_type=\"spacer.default\">\n\t\t\t\t<div class=\"elementor-widget-container\">\n\t\t\t\t\t\t\t<div class=\"elementor-spacer\">\n\t\t\t<div class=\"elementor-spacer-inner\"><\/div>\n\t\t<\/div>\n\t\t\t\t\t\t<\/div>\n\t\t\t\t<\/div>\n\t\t\t\t\t<\/div>\n\t\t\t\t<\/div>\n\t\t\t\t<\/div>\n\t\t","protected":false},"excerpt":{"rendered":"<p>Recep\u00e7\u00e3o Enfermagem Indicadores Bi Sob Demanda O BI permite que sua equipe visualize dados estrat\u00e9gicos de forma personalizada e sempre atualizada, com dashboards criados conforme as necessidades do seu time. Seja para acompanhar indicadores assistenciais, operacionais ou administrativos, voc\u00ea tem acesso r\u00e1pido \u00e0s informa\u00e7\u00f5es que realmente importam , sem depender de planilhas manuais ou relat\u00f3rios [&hellip;]<\/p>\n","protected":false},"author":1,"featured_media":0,"parent":0,"menu_order":0,"comment_status":"closed","ping_status":"closed","template":"elementor_canvas","meta":{"inline_featured_image":false,"footnotes":""},"class_list":["post-8269","page","type-page","status-publish","hentry","entry"],"_links":{"self":[{"href":"https:\/\/nagataegasparini.com.br\/lp\/wp-json\/wp\/v2\/pages\/8269","targetHints":{"allow":["GET"]}}],"collection":[{"href":"https:\/\/nagataegasparini.com.br\/lp\/wp-json\/wp\/v2\/pages"}],"about":[{"href":"https:\/\/nagataegasparini.com.br\/lp\/wp-json\/wp\/v2\/types\/page"}],"author":[{"embeddable":true,"href":"https:\/\/nagataegasparini.com.br\/lp\/wp-json\/wp\/v2\/users\/1"}],"replies":[{"embeddable":true,"href":"https:\/\/nagataegasparini.com.br\/lp\/wp-json\/wp\/v2\/comments?post=8269"}],"version-history":[{"count":105,"href":"https:\/\/nagataegasparini.com.br\/lp\/wp-json\/wp\/v2\/pages\/8269\/revisions"}],"predecessor-version":[{"id":8898,"href":"https:\/\/nagataegasparini.com.br\/lp\/wp-json\/wp\/v2\/pages\/8269\/revisions\/8898"}],"wp:attachment":[{"href":"https:\/\/nagataegasparini.com.br\/lp\/wp-json\/wp\/v2\/media?parent=8269"}],"curies":[{"name":"wp","href":"https:\/\/api.w.org\/{rel}","templated":true}]}}