{"id":8255,"date":"2025-06-17T18:27:29","date_gmt":"2025-06-17T18:27:29","guid":{"rendered":"https:\/\/nagataegasparini.com.br\/lp\/?page_id=8255"},"modified":"2026-03-09T19:26:28","modified_gmt":"2026-03-09T19:26:28","slug":"portfolio-enfermagem","status":"publish","type":"page","link":"https:\/\/nagataegasparini.com.br\/lp\/portfolio-enfermagem\/","title":{"rendered":"Portf\u00f3lio &#8211; Enfermagem"},"content":{"rendered":"\t\t<div data-elementor-type=\"wp-page\" data-elementor-id=\"8255\" class=\"elementor elementor-8255\">\n\t\t\t\t<div class=\"elementor-element elementor-element-806e1bb e-grid e-con-boxed e-con e-parent\" data-id=\"806e1bb\" data-element_type=\"container\">\n\t\t\t\t\t<div class=\"e-con-inner\">\n\t\t\t\t<div class=\"elementor-element elementor-element-c21a2e6 elementor-align-center elementor-widget elementor-widget-button\" data-id=\"c21a2e6\" data-element_type=\"widget\" data-widget_type=\"button.default\">\n\t\t\t\t<div class=\"elementor-widget-container\">\n\t\t\t\t\t\t\t\t\t<div class=\"elementor-button-wrapper\">\n\t\t\t\t\t<a class=\"elementor-button elementor-button-link elementor-size-sm\" href=\"https:\/\/nagataegasparini.com.br\/lp\/portfolio-recepcao\/\">\n\t\t\t\t\t\t<span class=\"elementor-button-content-wrapper\">\n\t\t\t\t\t\t\t\t\t<span class=\"elementor-button-text\">Recep\u00e7\u00e3o<\/span>\n\t\t\t\t\t<\/span>\n\t\t\t\t\t<\/a>\n\t\t\t\t<\/div>\n\t\t\t\t\t\t\t\t<\/div>\n\t\t\t\t<\/div>\n\t\t\t\t<div class=\"elementor-element elementor-element-b6fb4e1 elementor-align-center elementor-widget elementor-widget-button\" data-id=\"b6fb4e1\" data-element_type=\"widget\" data-widget_type=\"button.default\">\n\t\t\t\t<div class=\"elementor-widget-container\">\n\t\t\t\t\t\t\t\t\t<div class=\"elementor-button-wrapper\">\n\t\t\t\t\t<a class=\"elementor-button elementor-size-sm\" role=\"button\">\n\t\t\t\t\t\t<span class=\"elementor-button-content-wrapper\">\n\t\t\t\t\t\t\t\t\t<span class=\"elementor-button-text\">Enfermagem<\/span>\n\t\t\t\t\t<\/span>\n\t\t\t\t\t<\/a>\n\t\t\t\t<\/div>\n\t\t\t\t\t\t\t\t<\/div>\n\t\t\t\t<\/div>\n\t\t\t\t<div class=\"elementor-element elementor-element-b9a2779 elementor-align-center elementor-widget elementor-widget-button\" data-id=\"b9a2779\" data-element_type=\"widget\" data-widget_type=\"button.default\">\n\t\t\t\t<div class=\"elementor-widget-container\">\n\t\t\t\t\t\t\t\t\t<div class=\"elementor-button-wrapper\">\n\t\t\t\t\t<a class=\"elementor-button elementor-button-link elementor-size-sm\" href=\"https:\/\/nagataegasparini.com.br\/lp\/portfolio-indicadores\/\">\n\t\t\t\t\t\t<span class=\"elementor-button-content-wrapper\">\n\t\t\t\t\t\t\t\t\t<span class=\"elementor-button-text\">Indicadores<\/span>\n\t\t\t\t\t<\/span>\n\t\t\t\t\t<\/a>\n\t\t\t\t<\/div>\n\t\t\t\t\t\t\t\t<\/div>\n\t\t\t\t<\/div>\n\t\t\t\t\t<\/div>\n\t\t\t\t<\/div>\n\t\t<div class=\"elementor-element elementor-element-b556cee pagina-recepcao e-flex e-con-boxed e-con e-parent\" data-id=\"b556cee\" data-element_type=\"container\">\n\t\t\t\t\t<div class=\"e-con-inner\">\n\t\t\t\t<div class=\"elementor-element elementor-element-2570707 elementor-widget elementor-widget-spacer\" data-id=\"2570707\" data-element_type=\"widget\" data-widget_type=\"spacer.default\">\n\t\t\t\t<div class=\"elementor-widget-container\">\n\t\t\t\t\t\t\t<div class=\"elementor-spacer\">\n\t\t\t<div class=\"elementor-spacer-inner\"><\/div>\n\t\t<\/div>\n\t\t\t\t\t\t<\/div>\n\t\t\t\t<\/div>\n\t\t\t\t<div class=\"elementor-element elementor-element-4c0f20b elementor-widget elementor-widget-heading\" data-id=\"4c0f20b\" data-element_type=\"widget\" data-widget_type=\"heading.default\">\n\t\t\t\t<div class=\"elementor-widget-container\">\n\t\t\t\t\t<h2 class=\"elementor-heading-title elementor-size-default\">Enfermagem Lean<\/h2>\t\t\t\t<\/div>\n\t\t\t\t<\/div>\n\t\t\t\t<div class=\"elementor-element elementor-element-2e48f88 elementor-widget elementor-widget-spacer\" data-id=\"2e48f88\" data-element_type=\"widget\" data-widget_type=\"spacer.default\">\n\t\t\t\t<div class=\"elementor-widget-container\">\n\t\t\t\t\t\t\t<div class=\"elementor-spacer\">\n\t\t\t<div class=\"elementor-spacer-inner\"><\/div>\n\t\t<\/div>\n\t\t\t\t\t\t<\/div>\n\t\t\t\t<\/div>\n\t\t\t\t\t<\/div>\n\t\t\t\t<\/div>\n\t\t<div class=\"elementor-element elementor-element-c150925 e-grid pagina-recepcao e-con-boxed e-con e-parent\" data-id=\"c150925\" data-element_type=\"container\">\n\t\t\t\t\t<div class=\"e-con-inner\">\n\t\t\t\t<div class=\"elementor-element elementor-element-ec8a781 elementor-widget elementor-widget-image\" data-id=\"ec8a781\" data-element_type=\"widget\" data-widget_type=\"image.default\">\n\t\t\t\t<div class=\"elementor-widget-container\">\n\t\t\t\t\t\t\t\t\t\t\t\t\t\t\t<img fetchpriority=\"high\" decoding=\"async\" width=\"1920\" height=\"1080\" src=\"https:\/\/nagataegasparini.com.br\/lp\/wp-content\/uploads\/2025\/07\/Design-sem-nome-6-1.png\" class=\"attachment-full size-full wp-image-8735\" alt=\"\" srcset=\"https:\/\/nagataegasparini.com.br\/lp\/wp-content\/uploads\/2025\/07\/Design-sem-nome-6-1.png 1920w, https:\/\/nagataegasparini.com.br\/lp\/wp-content\/uploads\/2025\/07\/Design-sem-nome-6-1-300x169.png 300w, https:\/\/nagataegasparini.com.br\/lp\/wp-content\/uploads\/2025\/07\/Design-sem-nome-6-1-1024x576.png 1024w, https:\/\/nagataegasparini.com.br\/lp\/wp-content\/uploads\/2025\/07\/Design-sem-nome-6-1-768x432.png 768w, https:\/\/nagataegasparini.com.br\/lp\/wp-content\/uploads\/2025\/07\/Design-sem-nome-6-1-1536x864.png 1536w, https:\/\/nagataegasparini.com.br\/lp\/wp-content\/uploads\/2025\/07\/Design-sem-nome-6-1-800x450.png 800w\" sizes=\"(max-width: 1920px) 100vw, 1920px\" \/>\t\t\t\t\t\t\t\t\t\t\t\t\t\t\t<\/div>\n\t\t\t\t<\/div>\n\t\t\t\t<div class=\"elementor-element elementor-element-bbf32b6 elementor-widget elementor-widget-text-editor\" data-id=\"bbf32b6\" data-element_type=\"widget\" data-widget_type=\"text-editor.default\">\n\t\t\t\t<div class=\"elementor-widget-container\">\n\t\t\t\t\t\t\t\t\t<p>O Enfermagem Lean \u00e9 uma solu\u00e7\u00e3o que otimiza o trabalho da equipe de enfermagem, eliminando deslocamentos desnecess\u00e1rios at\u00e9 os computadores. Com o uso de tablets, \u00e9 poss\u00edvel acessar e registrar informa\u00e7\u00f5es dos pacientes de forma r\u00e1pida, intuitiva e segura, diretamente ao lado do leito.<\/p><p>Isso significa mais tempo de cuidado com o paciente, menos desperd\u00edcio de tempo e um processo muito mais eficiente.<\/p>\t\t\t\t\t\t\t\t<\/div>\n\t\t\t\t<\/div>\n\t\t\t\t\t<\/div>\n\t\t\t\t<\/div>\n\t\t<div class=\"elementor-element elementor-element-1b7ff9c e-flex e-con-boxed e-con e-parent\" data-id=\"1b7ff9c\" data-element_type=\"container\">\n\t\t\t\t\t<div class=\"e-con-inner\">\n\t\t<div class=\"elementor-element elementor-element-0588f03 e-con-full e-flex e-con e-child\" data-id=\"0588f03\" data-element_type=\"container\">\n\t\t\t\t<div class=\"elementor-element elementor-element-e4fcf3f elementor-align-center elementor-mobile-align-center elementor-widget elementor-widget-button\" data-id=\"e4fcf3f\" data-element_type=\"widget\" data-widget_type=\"button.default\">\n\t\t\t\t<div class=\"elementor-widget-container\">\n\t\t\t\t\t\t\t\t\t<div class=\"elementor-button-wrapper\">\n\t\t\t\t\t<a class=\"elementor-button elementor-button-link elementor-size-sm\" href=\"https:\/\/api.whatsapp.com\/send?phone=5513997761501\" target=\"_blank\">\n\t\t\t\t\t\t<span class=\"elementor-button-content-wrapper\">\n\t\t\t\t\t\t\t\t\t<span class=\"elementor-button-text\">Fale Conosco<\/span>\n\t\t\t\t\t<\/span>\n\t\t\t\t\t<\/a>\n\t\t\t\t<\/div>\n\t\t\t\t\t\t\t\t<\/div>\n\t\t\t\t<\/div>\n\t\t\t\t<\/div>\n\t\t\t\t\t<\/div>\n\t\t\t\t<\/div>\n\t\t<div class=\"elementor-element elementor-element-a58f6a7 pagina-recepcao e-flex e-con-boxed e-con e-parent\" data-id=\"a58f6a7\" data-element_type=\"container\">\n\t\t\t\t\t<div class=\"e-con-inner\">\n\t\t\t\t<div class=\"elementor-element elementor-element-f86ec3f elementor-widget elementor-widget-spacer\" data-id=\"f86ec3f\" data-element_type=\"widget\" data-widget_type=\"spacer.default\">\n\t\t\t\t<div class=\"elementor-widget-container\">\n\t\t\t\t\t\t\t<div class=\"elementor-spacer\">\n\t\t\t<div class=\"elementor-spacer-inner\"><\/div>\n\t\t<\/div>\n\t\t\t\t\t\t<\/div>\n\t\t\t\t<\/div>\n\t\t\t\t<div class=\"elementor-element elementor-element-badd19c elementor-widget elementor-widget-heading\" data-id=\"badd19c\" data-element_type=\"widget\" data-widget_type=\"heading.default\">\n\t\t\t\t<div class=\"elementor-widget-container\">\n\t\t\t\t\t<h2 class=\"elementor-heading-title elementor-size-default\">Painel Sinaliza+<\/h2>\t\t\t\t<\/div>\n\t\t\t\t<\/div>\n\t\t\t\t<div class=\"elementor-element elementor-element-949021a elementor-widget elementor-widget-spacer\" data-id=\"949021a\" data-element_type=\"widget\" data-widget_type=\"spacer.default\">\n\t\t\t\t<div class=\"elementor-widget-container\">\n\t\t\t\t\t\t\t<div class=\"elementor-spacer\">\n\t\t\t<div class=\"elementor-spacer-inner\"><\/div>\n\t\t<\/div>\n\t\t\t\t\t\t<\/div>\n\t\t\t\t<\/div>\n\t\t\t\t\t<\/div>\n\t\t\t\t<\/div>\n\t\t<div class=\"elementor-element elementor-element-9908130 e-grid pagina-recepcao e-con-boxed e-con e-parent\" data-id=\"9908130\" data-element_type=\"container\">\n\t\t\t\t\t<div class=\"e-con-inner\">\n\t\t\t\t<div class=\"elementor-element elementor-element-8f53925 elementor-widget elementor-widget-text-editor\" data-id=\"8f53925\" data-element_type=\"widget\" data-widget_type=\"text-editor.default\">\n\t\t\t\t<div class=\"elementor-widget-container\">\n\t\t\t\t\t\t\t\t\t<p>O Painel Sinaliza+ foi desenvolvido para facilitar a comunica\u00e7\u00e3o entre biom\u00e9dicos e enfermeiros durante o fluxo de atendimento. Ele exibe, em tempo real, a lista de pacientes e a etapa em que cada um se encontra, al\u00e9m de enviar notifica\u00e7\u00f5es visuais indicando qual deve ser a pr\u00f3xima a\u00e7\u00e3o a ser realizada.<br \/><br \/>Com essa solu\u00e7\u00e3o, a equipe ganha mais agilidade, organiza\u00e7\u00e3o e seguran\u00e7a nos processos, garantindo um atendimento mais fluido e integrado.<\/p>\t\t\t\t\t\t\t\t<\/div>\n\t\t\t\t<\/div>\n\t\t\t\t<div class=\"elementor-element elementor-element-9d7e0f0 elementor-widget elementor-widget-image\" data-id=\"9d7e0f0\" data-element_type=\"widget\" data-widget_type=\"image.default\">\n\t\t\t\t<div class=\"elementor-widget-container\">\n\t\t\t\t\t\t\t\t\t\t\t\t\t\t\t<img decoding=\"async\" width=\"1920\" height=\"1080\" src=\"https:\/\/nagataegasparini.com.br\/lp\/wp-content\/uploads\/2025\/07\/Design-sem-nome-5-1.png\" class=\"attachment-full size-full wp-image-8708\" alt=\"\" srcset=\"https:\/\/nagataegasparini.com.br\/lp\/wp-content\/uploads\/2025\/07\/Design-sem-nome-5-1.png 1920w, https:\/\/nagataegasparini.com.br\/lp\/wp-content\/uploads\/2025\/07\/Design-sem-nome-5-1-300x169.png 300w, https:\/\/nagataegasparini.com.br\/lp\/wp-content\/uploads\/2025\/07\/Design-sem-nome-5-1-1024x576.png 1024w, https:\/\/nagataegasparini.com.br\/lp\/wp-content\/uploads\/2025\/07\/Design-sem-nome-5-1-768x432.png 768w, https:\/\/nagataegasparini.com.br\/lp\/wp-content\/uploads\/2025\/07\/Design-sem-nome-5-1-1536x864.png 1536w, https:\/\/nagataegasparini.com.br\/lp\/wp-content\/uploads\/2025\/07\/Design-sem-nome-5-1-800x450.png 800w\" sizes=\"(max-width: 1920px) 100vw, 1920px\" \/>\t\t\t\t\t\t\t\t\t\t\t\t\t\t\t<\/div>\n\t\t\t\t<\/div>\n\t\t\t\t\t<\/div>\n\t\t\t\t<\/div>\n\t\t<div class=\"elementor-element elementor-element-0d7787c e-flex e-con-boxed e-con e-parent\" data-id=\"0d7787c\" data-element_type=\"container\">\n\t\t\t\t\t<div class=\"e-con-inner\">\n\t\t<div class=\"elementor-element elementor-element-24dc2a4 e-con-full e-flex e-con e-child\" data-id=\"24dc2a4\" data-element_type=\"container\">\n\t\t\t\t<div class=\"elementor-element elementor-element-0d90864 elementor-align-center elementor-mobile-align-center elementor-widget elementor-widget-button\" data-id=\"0d90864\" data-element_type=\"widget\" data-widget_type=\"button.default\">\n\t\t\t\t<div class=\"elementor-widget-container\">\n\t\t\t\t\t\t\t\t\t<div class=\"elementor-button-wrapper\">\n\t\t\t\t\t<a class=\"elementor-button elementor-button-link elementor-size-sm\" href=\"https:\/\/api.whatsapp.com\/send?phone=5513997761501\" target=\"_blank\">\n\t\t\t\t\t\t<span class=\"elementor-button-content-wrapper\">\n\t\t\t\t\t\t\t\t\t<span class=\"elementor-button-text\">Fale Conosco<\/span>\n\t\t\t\t\t<\/span>\n\t\t\t\t\t<\/a>\n\t\t\t\t<\/div>\n\t\t\t\t\t\t\t\t<\/div>\n\t\t\t\t<\/div>\n\t\t\t\t<\/div>\n\t\t\t\t\t<\/div>\n\t\t\t\t<\/div>\n\t\t<div class=\"elementor-element elementor-element-8ff9fe8 pagina-recepcao e-flex e-con-boxed e-con e-parent\" data-id=\"8ff9fe8\" data-element_type=\"container\">\n\t\t\t\t\t<div class=\"e-con-inner\">\n\t\t\t\t<div class=\"elementor-element elementor-element-2235422 elementor-widget elementor-widget-spacer\" data-id=\"2235422\" data-element_type=\"widget\" data-widget_type=\"spacer.default\">\n\t\t\t\t<div class=\"elementor-widget-container\">\n\t\t\t\t\t\t\t<div class=\"elementor-spacer\">\n\t\t\t<div class=\"elementor-spacer-inner\"><\/div>\n\t\t<\/div>\n\t\t\t\t\t\t<\/div>\n\t\t\t\t<\/div>\n\t\t<div class=\"elementor-element elementor-element-896c61d e-con-full e-flex e-con e-child\" data-id=\"896c61d\" data-element_type=\"container\">\n\t\t\t\t<div class=\"elementor-element elementor-element-3e1fb2e elementor-widget elementor-widget-html\" data-id=\"3e1fb2e\" data-element_type=\"widget\" data-widget_type=\"html.default\">\n\t\t\t\t<div class=\"elementor-widget-container\">\n\t\t\t\t\t<div class=\"carousel-wrapper\">\r\n  <div class=\"carousel-track\" id=\"carousel\">\r\n    <div class=\"testimonial\">\r\n      <div class=\"stars\">\u2605\u2605\u2605\u2605\u2605<\/div>\r\n      <strong>Paula P. - L\u00edder da enfermagem<\/strong>\r\n      <p>\u201cCom o painel Lean, o preparo ficou mais \u00e1gil e seguro. Tudo \u00e9 feito no tablet, sem precisar acessar v\u00e1rios sistemas, o que aumentou a produtividade e melhorou o atendimento.\u201d<\/p>\r\n    <\/div>\r\n    <div class=\"testimonial\">\r\n      <div class=\"stars\">\u2605\u2605\u2605\u2605\u2605<\/div>\r\n      <strong>Andressa C. - Enfermeira<\/strong>\r\n      <p>\u201cA ferramenta padronizou a anamnese, evita erros e permite atualizar o prontu\u00e1rio em tempo real, melhorando a comunica\u00e7\u00e3o com a equipe m\u00e9dica.\u201d<\/p>\r\n    <\/div>\r\n    <div class=\"testimonial\">\r\n      <div class=\"stars\">\u2605\u2605\u2605\u2605\u2605<\/div>\r\n      <strong>Gabriella M. - Enfermeira<\/strong>\r\n      <p>\u201cO painel Lean trouxe mais transpar\u00eancia, autonomia e controle, melhorando os fluxos, os indicadores e a experi\u00eancia dos pacientes.\u201d<\/p>\r\n    <\/div>\r\n    <div class=\"testimonial\">\r\n      <div class=\"stars\">\u2605\u2605\u2605\u2605\u2605<\/div>\r\n      <strong>Tiago P. - L\u00edder da resson\u00e2ncia magn\u00e9tica<\/strong>\r\n      <p>\u201cCom o Painel Sinaliza+, consigo saber exatamente qual paciente est\u00e1 aguardando e o que precisa ser feito, sem precisar ficar perguntando ou saindo da minha esta\u00e7\u00e3o.\u201d<\/p>\r\n    <\/div>\r\n    <div class=\"testimonial\">\r\n      <div class=\"stars\">\u2605\u2605\u2605\u2605\u2605<\/div>\r\n      <strong>Carlos E. - T\u00e9cnico de enfermagem<\/strong>\r\n      <p>\u201cO destaque visual para cada etapa \u00e9 excelente. Evita confus\u00e3o em dias mais agitados e nos d\u00e1 autonomia para organizar o atendimento sem precisar ficar pedindo informa\u00e7\u00e3o para os colegas.\u201d<\/p>\r\n    <\/div>\r\n  <\/div>\r\n<\/div>\r\n\r\n<style>\r\n.carousel-wrapper {\r\n  width: 100%;\r\n  overflow: hidden;\r\n  padding: 40px 0;\r\n  position: relative;\r\n}\r\n\r\n.carousel-track {\r\n  display: flex;\r\n  gap: 20px;\r\n  overflow-x: scroll;\r\n  scroll-behavior: auto;\r\n  scrollbar-width: none;\r\n}\r\n\r\n.carousel-track::-webkit-scrollbar {\r\n  display: none;\r\n}\r\n\r\n.testimonial {\r\n  flex: 0 0 300px;\r\n  padding: 20px;\r\n  border: 2px solid #e3e3f3;\r\n  border-radius: 12px;\r\n  background: white;\r\n  box-shadow: 2px 4px 8px rgba(0,0,0,0.1);\r\n  text-align: center;\r\n}\r\n.stars {\r\n  font-size: 20px;\r\n  color: gold;\r\n  margin-bottom: 10px;\r\n}\r\n<\/style>\r\n\r\n<script>\r\nconst carousel = document.getElementById(\"carousel\");\r\nconst baseItems = [...carousel.children];\r\n\r\n\/\/ DUPLICAR v\u00e1rias vezes para garantir rolagem cont\u00ednua\r\nfor (let i = 0; i < 10; i++) {\r\n  baseItems.forEach(item => {\r\n    carousel.appendChild(item.cloneNode(true));\r\n  });\r\n}\r\n\r\n\/\/ ANIMA\u00c7\u00c3O CONT\u00cdNUA\r\nlet scrollSpeed = 0.6;\r\n\r\nfunction autoScroll() {\r\n  carousel.scrollLeft += scrollSpeed;\r\n\r\n  \/\/ Rein\u00edcio suave (evita paradas)\r\n  if (carousel.scrollLeft >= carousel.scrollWidth - carousel.clientWidth) {\r\n    carousel.scrollLeft = 0;\r\n  }\r\n\r\n  requestAnimationFrame(autoScroll);\r\n}\r\n\r\nrequestAnimationFrame(autoScroll);\r\n<\/script>\r\n\t\t\t\t<\/div>\n\t\t\t\t<\/div>\n\t\t\t\t<\/div>\n\t\t\t\t\t<\/div>\n\t\t\t\t<\/div>\n\t\t<div class=\"elementor-element elementor-element-77bc673 recepcao e-flex e-con-boxed e-con e-parent\" data-id=\"77bc673\" data-element_type=\"container\">\n\t\t\t\t\t<div class=\"e-con-inner\">\n\t\t\t\t<div class=\"elementor-element elementor-element-07c6352 elementor-widget elementor-widget-spacer\" data-id=\"07c6352\" data-element_type=\"widget\" data-widget_type=\"spacer.default\">\n\t\t\t\t<div class=\"elementor-widget-container\">\n\t\t\t\t\t\t\t<div class=\"elementor-spacer\">\n\t\t\t<div class=\"elementor-spacer-inner\"><\/div>\n\t\t<\/div>\n\t\t\t\t\t\t<\/div>\n\t\t\t\t<\/div>\n\t\t\t\t\t<\/div>\n\t\t\t\t<\/div>\n\t\t\t\t<\/div>\n\t\t","protected":false},"excerpt":{"rendered":"<p>Recep\u00e7\u00e3o Enfermagem Indicadores Enfermagem Lean O Enfermagem Lean \u00e9 uma solu\u00e7\u00e3o que otimiza o trabalho da equipe de enfermagem, eliminando deslocamentos desnecess\u00e1rios at\u00e9 os computadores. Com o uso de tablets, \u00e9 poss\u00edvel acessar e registrar informa\u00e7\u00f5es dos pacientes de forma r\u00e1pida, intuitiva e segura, diretamente ao lado do leito. Isso significa mais tempo de cuidado [&hellip;]<\/p>\n","protected":false},"author":1,"featured_media":0,"parent":0,"menu_order":0,"comment_status":"closed","ping_status":"closed","template":"elementor_canvas","meta":{"inline_featured_image":false,"footnotes":""},"class_list":["post-8255","page","type-page","status-publish","hentry","entry"],"_links":{"self":[{"href":"https:\/\/nagataegasparini.com.br\/lp\/wp-json\/wp\/v2\/pages\/8255","targetHints":{"allow":["GET"]}}],"collection":[{"href":"https:\/\/nagataegasparini.com.br\/lp\/wp-json\/wp\/v2\/pages"}],"about":[{"href":"https:\/\/nagataegasparini.com.br\/lp\/wp-json\/wp\/v2\/types\/page"}],"author":[{"embeddable":true,"href":"https:\/\/nagataegasparini.com.br\/lp\/wp-json\/wp\/v2\/users\/1"}],"replies":[{"embeddable":true,"href":"https:\/\/nagataegasparini.com.br\/lp\/wp-json\/wp\/v2\/comments?post=8255"}],"version-history":[{"count":125,"href":"https:\/\/nagataegasparini.com.br\/lp\/wp-json\/wp\/v2\/pages\/8255\/revisions"}],"predecessor-version":[{"id":8895,"href":"https:\/\/nagataegasparini.com.br\/lp\/wp-json\/wp\/v2\/pages\/8255\/revisions\/8895"}],"wp:attachment":[{"href":"https:\/\/nagataegasparini.com.br\/lp\/wp-json\/wp\/v2\/media?parent=8255"}],"curies":[{"name":"wp","href":"https:\/\/api.w.org\/{rel}","templated":true}]}}