{"id":7249,"date":"2023-12-12T04:45:42","date_gmt":"2023-12-12T04:45:42","guid":{"rendered":"https:\/\/nagataegasparini.com.br\/lp\/membership-login\/"},"modified":"2025-02-21T17:42:31","modified_gmt":"2025-02-21T17:42:31","slug":"members","status":"publish","type":"page","link":"https:\/\/nagataegasparini.com.br\/lp\/members\/","title":{"rendered":"Acesso membros"},"content":{"rendered":"\t\t<div data-elementor-type=\"wp-page\" data-elementor-id=\"7249\" class=\"elementor elementor-7249\">\n\t\t\t\t\t\t<section class=\"elementor-section elementor-top-section elementor-element elementor-element-1533efc1 elementor-section-content-middle elementor-reverse-tablet elementor-reverse-mobile elementor-section-boxed elementor-section-height-default elementor-section-height-default\" data-id=\"1533efc1\" data-element_type=\"section\" data-settings=\"{&quot;background_background&quot;:&quot;classic&quot;}\">\n\t\t\t\t\t\t\t<div class=\"elementor-background-overlay\"><\/div>\n\t\t\t\t\t\t\t<div class=\"elementor-container elementor-column-gap-no\">\n\t\t\t\t\t<div class=\"elementor-column elementor-col-100 elementor-top-column elementor-element elementor-element-40f8b7b7\" data-id=\"40f8b7b7\" data-element_type=\"column\">\n\t\t\t<div class=\"elementor-widget-wrap elementor-element-populated\">\n\t\t\t\t\t\t<div class=\"elementor-element elementor-element-44189f27 elementor-widget elementor-widget-image\" data-id=\"44189f27\" data-element_type=\"widget\" data-widget_type=\"image.default\">\n\t\t\t\t<div class=\"elementor-widget-container\">\n\t\t\t\t\t\t\t\t\t\t\t\t\t\t\t<img fetchpriority=\"high\" decoding=\"async\" width=\"1024\" height=\"1024\" src=\"https:\/\/nagataegasparini.com.br\/lp\/wp-content\/uploads\/2025\/02\/Design-sem-nome-1-1-1024x1024.png\" class=\"attachment-large size-large wp-image-7952\" alt=\"\" srcset=\"https:\/\/nagataegasparini.com.br\/lp\/wp-content\/uploads\/2025\/02\/Design-sem-nome-1-1-1024x1024.png 1024w, https:\/\/nagataegasparini.com.br\/lp\/wp-content\/uploads\/2025\/02\/Design-sem-nome-1-1-300x300.png 300w, https:\/\/nagataegasparini.com.br\/lp\/wp-content\/uploads\/2025\/02\/Design-sem-nome-1-1-150x150.png 150w, https:\/\/nagataegasparini.com.br\/lp\/wp-content\/uploads\/2025\/02\/Design-sem-nome-1-1-768x768.png 768w, https:\/\/nagataegasparini.com.br\/lp\/wp-content\/uploads\/2025\/02\/Design-sem-nome-1-1-600x600.png 600w, https:\/\/nagataegasparini.com.br\/lp\/wp-content\/uploads\/2025\/02\/Design-sem-nome-1-1.png 1080w\" sizes=\"(max-width: 1024px) 100vw, 1024px\" \/>\t\t\t\t\t\t\t\t\t\t\t\t\t\t\t<\/div>\n\t\t\t\t<\/div>\n\t\t\t\t<div class=\"elementor-element elementor-element-3edfb86b elementor-widget elementor-widget-heading\" data-id=\"3edfb86b\" data-element_type=\"widget\" data-widget_type=\"heading.default\">\n\t\t\t\t<div class=\"elementor-widget-container\">\n\t\t\t\t\t<h2 class=\"elementor-heading-title elementor-size-default\">CONTE\u00daDO EXCLUSIVO<\/h2>\t\t\t\t<\/div>\n\t\t\t\t<\/div>\n\t\t\t\t<div class=\"elementor-element elementor-element-e69d073 elementor-widget-divider--view-line elementor-widget elementor-widget-divider\" data-id=\"e69d073\" data-element_type=\"widget\" data-widget_type=\"divider.default\">\n\t\t\t\t<div class=\"elementor-widget-container\">\n\t\t\t\t\t\t\t<div class=\"elementor-divider\">\n\t\t\t<span class=\"elementor-divider-separator\">\n\t\t\t\t\t\t<\/span>\n\t\t<\/div>\n\t\t\t\t\t\t<\/div>\n\t\t\t\t<\/div>\n\t\t\t\t<section class=\"elementor-section elementor-inner-section elementor-element elementor-element-a635768 elementor-section-boxed elementor-section-height-default elementor-section-height-default\" data-id=\"a635768\" data-element_type=\"section\">\n\t\t\t\t\t\t<div class=\"elementor-container elementor-column-gap-default\">\n\t\t\t\t\t<div class=\"elementor-column elementor-col-33 elementor-inner-column elementor-element elementor-element-74a1892\" data-id=\"74a1892\" data-element_type=\"column\">\n\t\t\t<div class=\"elementor-widget-wrap\">\n\t\t\t\t\t\t\t<\/div>\n\t\t<\/div>\n\t\t\t\t<div class=\"elementor-column elementor-col-33 elementor-inner-column elementor-element elementor-element-2a410f0\" data-id=\"2a410f0\" data-element_type=\"column\" id=\"login\">\n\t\t\t<div class=\"elementor-widget-wrap elementor-element-populated\">\n\t\t\t\t\t\t<div class=\"elementor-element elementor-element-825d348 elementor-widget elementor-widget-text-editor\" data-id=\"825d348\" data-element_type=\"widget\" data-widget_type=\"text-editor.default\">\n\t\t\t\t<div class=\"elementor-widget-container\">\n\t\t\t\t\t\t\t\t\t<p style=\"text-align: center;\"><div class=\"swpm-login-widget-form\">\n    <form id=\"swpm-login-form\" name=\"swpm-login-form\" method=\"post\" action=\"\">\n        <input type=\"hidden\" name=\"swpm_login_origination_flag\" value=\"1\" \/>\n        <div class=\"swpm-login-form-inner\">\n            <div class=\"swpm-username-label\">\n                <label for=\"swpm_user_name\" class=\"swpm-label\">Username or Email<\/label>\n            <\/div>\n            <div class=\"swpm-username-input\">\n                <input type=\"text\" class=\"swpm-text-field swpm-username-field\" id=\"swpm_user_name\" value=\"\" size=\"25\" name=\"swpm_user_name\" \/>\n            <\/div>\n            <div class=\"swpm-password-label\">\n                <label for=\"swpm_password\" class=\"swpm-label\">Senha<\/label>\n            <\/div>\n            <div class=\"swpm-password-input\">                \n                <input type=\"password\" class=\"swpm-text-field swpm-password-field\" id=\"swpm_password\" value=\"\" size=\"25\" name=\"swpm_password\" \/>                \n            <\/div>\n                        <div class=\"swpm-remember-me\">\n                <span class=\"swpm-remember-checkbox\"><input type=\"checkbox\" name=\"rememberme\" id=\"swpm-rememberme\"><\/span>\n                <label for=\"swpm-rememberme\" class=\"swpm-rememberme-label\">\n                    <span class=\"swpm-rember-label\"> Lembrar-me<\/span>\n                <\/label>\n            <\/div>\n\n            <div class=\"swpm-before-login-submit-section\"><\/div>\n\n            <div class=\"swpm-login-submit\">\n                <input type=\"submit\" class=\"swpm-login-form-submit\" name=\"swpm-login\" value=\"Log In\"\/>\n            <\/div>\n            <div class=\"swpm-forgot-pass-link\">\n                <a id=\"forgot_pass\" class=\"swpm-login-form-pw-reset-link\"  href=\"https:\/\/nagataegasparini.com.br\/lp\/membership-login\/password-reset\/\">Esqueceu a senha?<\/a>\n            <\/div>\n                        <div class=\"swpm-join-us-link\">\n                <a id=\"register\" class=\"swpm-login-form-register-link\" href=\"https:\/\/nagataegasparini.com.br\/lp\/membership-join\/\">Junte-se a n\u00f3s<\/a>\n            <\/div>\n                        <div class=\"swpm-login-action-msg\">\n                <span class=\"swpm-login-widget-action-msg\"><\/span>\n            <\/div>\n        <\/div>\n    <\/form>\n<\/div>\n<\/p>\t\t\t\t\t\t\t\t<\/div>\n\t\t\t\t<\/div>\n\t\t\t\t\t<\/div>\n\t\t<\/div>\n\t\t\t\t<div class=\"elementor-column elementor-col-33 elementor-inner-column elementor-element elementor-element-096d54c\" data-id=\"096d54c\" data-element_type=\"column\">\n\t\t\t<div class=\"elementor-widget-wrap\">\n\t\t\t\t\t\t\t<\/div>\n\t\t<\/div>\n\t\t\t\t\t<\/div>\n\t\t<\/section>\n\t\t\t\t<div class=\"elementor-element elementor-element-5c07d56 elementor-widget elementor-widget-heading\" data-id=\"5c07d56\" data-element_type=\"widget\" data-widget_type=\"heading.default\">\n\t\t\t\t<div class=\"elementor-widget-container\">\n\t\t\t\t\t<p class=\"elementor-heading-title elementor-size-default\">\u00a92025 | Nagata &amp; Gasparini todos direitos reservados. Proibida a c\u00f3pia ou reprodu\u00e7\u00e3o sem expressa autoriza\u00e7\u00e3o.\n\n<\/p>\t\t\t\t<\/div>\n\t\t\t\t<\/div>\n\t\t\t\t\t<\/div>\n\t\t<\/div>\n\t\t\t\t\t<\/div>\n\t\t<\/section>\n\t\t\t\t<section class=\"elementor-section elementor-top-section elementor-element elementor-element-1da760e3 elementor-section-boxed elementor-section-height-default elementor-section-height-default\" data-id=\"1da760e3\" data-element_type=\"section\">\n\t\t\t\t\t\t<div class=\"elementor-container elementor-column-gap-default\">\n\t\t\t\t\t<div class=\"elementor-column elementor-col-100 elementor-top-column elementor-element elementor-element-8cd0058\" data-id=\"8cd0058\" data-element_type=\"column\">\n\t\t\t<div class=\"elementor-widget-wrap\">\n\t\t\t\t\t\t\t<\/div>\n\t\t<\/div>\n\t\t\t\t\t<\/div>\n\t\t<\/section>\n\t\t\t\t<\/div>\n\t\t","protected":false},"excerpt":{"rendered":"<p>CONTE\u00daDO EXCLUSIVO \u00a92025 | Nagata &amp; Gasparini todos direitos reservados. Proibida a c\u00f3pia ou reprodu\u00e7\u00e3o sem expressa autoriza\u00e7\u00e3o.<\/p>\n","protected":false},"author":1,"featured_media":0,"parent":0,"menu_order":0,"comment_status":"closed","ping_status":"closed","template":"elementor_canvas","meta":{"inline_featured_image":false,"footnotes":""},"class_list":["post-7249","page","type-page","status-publish","hentry","entry"],"_links":{"self":[{"href":"https:\/\/nagataegasparini.com.br\/lp\/wp-json\/wp\/v2\/pages\/7249","targetHints":{"allow":["GET"]}}],"collection":[{"href":"https:\/\/nagataegasparini.com.br\/lp\/wp-json\/wp\/v2\/pages"}],"about":[{"href":"https:\/\/nagataegasparini.com.br\/lp\/wp-json\/wp\/v2\/types\/page"}],"author":[{"embeddable":true,"href":"https:\/\/nagataegasparini.com.br\/lp\/wp-json\/wp\/v2\/users\/1"}],"replies":[{"embeddable":true,"href":"https:\/\/nagataegasparini.com.br\/lp\/wp-json\/wp\/v2\/comments?post=7249"}],"version-history":[{"count":54,"href":"https:\/\/nagataegasparini.com.br\/lp\/wp-json\/wp\/v2\/pages\/7249\/revisions"}],"predecessor-version":[{"id":7977,"href":"https:\/\/nagataegasparini.com.br\/lp\/wp-json\/wp\/v2\/pages\/7249\/revisions\/7977"}],"wp:attachment":[{"href":"https:\/\/nagataegasparini.com.br\/lp\/wp-json\/wp\/v2\/media?parent=7249"}],"curies":[{"name":"wp","href":"https:\/\/api.w.org\/{rel}","templated":true}]}}